{"id":43,"date":"2014-12-25T21:18:06","date_gmt":"2014-12-25T20:18:06","guid":{"rendered":"http:\/\/willyetsessoeurs.com\/?page_id=43"},"modified":"2015-03-01T15:22:17","modified_gmt":"2015-03-01T14:22:17","slug":"presentation","status":"publish","type":"page","link":"http:\/\/willyetsessoeurs.com\/?page_id=43","title":{"rendered":"Pr\u00e9sentation"},"content":{"rendered":"<p>\u00ab\u00a0Willy et ses soeurs\u00a0\u00bb, c\u2019est l\u2019histoire d\u2019une voiture, de sa restauration et enfin d\u2019un road-trip familial au Canada et USA \u00e0 son bord.<\/p>\n<p>Cette aventure va rythmer notre vie pendant pr\u00e8s de 3 ann\u00e9es. Il y aura des moments de doutes, de grandes avanc\u00e9es mais aussi, et surtout, beaucoup de bonheur.<\/p>\n<p>Quelques dates \u00e0 retenir:<\/p>\n<p>&#8211; F\u00e9vrier 2013: la d\u00e9couverte de Willy<\/p>\n<p>&#8211; Mai 2013: la sortie de grange<\/p>\n<p>&#8211; Septembre 2013: la d\u00e9cision de partir outre-atlantique avec Willy<\/p>\n<p>&#8211; De Janvier 2014 \u00e0 avril 2015: la restauration de Willy<\/p>\n<p>&#8211; De mai 2015 \u00e0 d\u00e9but juillet 2015: les premiers tours de roues<\/p>\n<p>&#8211; Ao\u00fbt 2015: le voyage<\/p>\n<p>Ce sont tous ces moments que nous proposons de vous faire partager avec ce site.<\/p>\n<p>Merci de votre visite et, j\u2019esp\u00e8re, de votre fid\u00e9lit\u00e9.<\/p>\n<p>Pascal<\/p>\n<p><a href=\"http:\/\/willyetsessoeurs.com\/wp-content\/uploads\/2014\/12\/IMG_1689.jpg\"><img loading=\"lazy\" decoding=\"async\" class=\"alignnone size-medium wp-image-607\" src=\"http:\/\/willyetsessoeurs.com\/wp-content\/uploads\/2014\/12\/IMG_1689-300x200.jpg\" alt=\"IMG_1689\" width=\"300\" height=\"200\" srcset=\"http:\/\/willyetsessoeurs.com\/wp-content\/uploads\/2014\/12\/IMG_1689-300x200.jpg 300w, http:\/\/willyetsessoeurs.com\/wp-content\/uploads\/2014\/12\/IMG_1689-1024x683.jpg 1024w\" sizes=\"(max-width: 300px) 100vw, 300px\" \/><\/a>\u00a0\u00a0 <a href=\"http:\/\/willyetsessoeurs.com\/wp-content\/uploads\/2014\/12\/IMG_1690.jpg\"><img loading=\"lazy\" decoding=\"async\" class=\"alignnone size-medium wp-image-608\" src=\"http:\/\/willyetsessoeurs.com\/wp-content\/uploads\/2014\/12\/IMG_1690-300x200.jpg\" alt=\"IMG_1690\" width=\"300\" height=\"200\" srcset=\"http:\/\/willyetsessoeurs.com\/wp-content\/uploads\/2014\/12\/IMG_1690-300x200.jpg 300w, http:\/\/willyetsessoeurs.com\/wp-content\/uploads\/2014\/12\/IMG_1690-1024x683.jpg 1024w\" sizes=\"(max-width: 300px) 100vw, 300px\" \/><\/a><\/p>\n","protected":false},"excerpt":{"rendered":"<p>\u00ab\u00a0Willy et ses soeurs\u00a0\u00bb, c\u2019est l\u2019histoire d\u2019une voiture, de sa restauration et enfin d\u2019un road-trip familial au Canada et USA \u00e0 son bord. Cette aventure va rythmer notre vie pendant pr\u00e8s de 3 ann\u00e9es. Il y aura des moments de doutes, de grandes avanc\u00e9es mais aussi, et surtout, beaucoup de bonheur. Quelques dates \u00e0 retenir: [&hellip;]<\/p>\n","protected":false},"author":1,"featured_media":0,"parent":0,"menu_order":0,"comment_status":"closed","ping_status":"open","template":"","meta":{"footnotes":""},"_links":{"self":[{"href":"http:\/\/willyetsessoeurs.com\/index.php?rest_route=\/wp\/v2\/pages\/43"}],"collection":[{"href":"http:\/\/willyetsessoeurs.com\/index.php?rest_route=\/wp\/v2\/pages"}],"about":[{"href":"http:\/\/willyetsessoeurs.com\/index.php?rest_route=\/wp\/v2\/types\/page"}],"author":[{"embeddable":true,"href":"http:\/\/willyetsessoeurs.com\/index.php?rest_route=\/wp\/v2\/users\/1"}],"replies":[{"embeddable":true,"href":"http:\/\/willyetsessoeurs.com\/index.php?rest_route=%2Fwp%2Fv2%2Fcomments&post=43"}],"version-history":[{"count":8,"href":"http:\/\/willyetsessoeurs.com\/index.php?rest_route=\/wp\/v2\/pages\/43\/revisions"}],"predecessor-version":[{"id":938,"href":"http:\/\/willyetsessoeurs.com\/index.php?rest_route=\/wp\/v2\/pages\/43\/revisions\/938"}],"wp:attachment":[{"href":"http:\/\/willyetsessoeurs.com\/index.php?rest_route=%2Fwp%2Fv2%2Fmedia&parent=43"}],"curies":[{"name":"wp","href":"https:\/\/api.w.org\/{rel}","templated":true}]}}