{"id":13,"date":"2014-12-24T21:28:20","date_gmt":"2014-12-24T20:28:20","guid":{"rendered":"http:\/\/willyetsessoeurs.com\/?page_id=13"},"modified":"2014-12-31T23:13:11","modified_gmt":"2014-12-31T22:13:11","slug":"la-decouverte","status":"publish","type":"page","link":"http:\/\/willyetsessoeurs.com\/?page_id=13","title":{"rendered":"D\u00e9couverte"},"content":{"rendered":"<p><em><strong>Vendredi 15 f\u00e9vrier 2013<\/strong><\/em>, comme chaque vendredi midi, je d\u00e9jeune chez un ami, Pascal, lui aussi amateur de vieilles voitures et nous refaisons le monde pendant qu&rsquo;il se remet tout doucement d&rsquo;une lourde op\u00e9ration du dos. Nous sommes toujours accompagn\u00e9s par Jean-Michel, grand fumeur devant l&rsquo;\u00e9ternel.<\/p>\n<p>Ce vendredi est un peu sp\u00e9cial, un plombier travaille chez Pascal. Enfin, quand je dis qu&rsquo;il travaille, je devrais plut\u00f4t dire qu&rsquo;il fait acte de pr\u00e9sence car il ne semble pas trop motiv\u00e9. Il se joint d&rsquo;ailleurs \u00e0 nous pendant la pause cigarette, au soleil, de Jean-Michel. Il nous entend parler vieilles autos et nous informe qu&rsquo;il connait quelqu&rsquo;un qui connait quelqu&rsquo;un qui vend un break DS.<\/p>\n<p>Ces paroles, qui resteront dans les annales, furent: un voile de peinture et \u00e7a repart.<\/p>\n<p>Nous contactons les vendeurs et un rendez-vous est pris pour le <em><strong>samedi 23 f\u00e9vrier 2013<\/strong><\/em>.<\/p>\n<p>Il fait froid, horriblement froid, nous arrivons dans le village d&rsquo;Izon en banlieue bordelaise, et nous frappons \u00e0 la porte d&rsquo;un ancien garage Citro\u00ebn. Les vendeurs sont au caf\u00e9, le monsieur est fatigu\u00e9 mais madame a bon pied bon oeil. C&rsquo;est elle qui nous am\u00e8nera vers la grange o\u00f9 est gar\u00e9e ce break.<\/p>\n<p>Voici la surprise qui nous attend.<\/p>\n<p><a href=\"http:\/\/willyetsessoeurs.com\/wp-content\/uploads\/2014\/12\/IMG_0700.jpg\"><img loading=\"lazy\" decoding=\"async\" class=\" size-medium wp-image-20 alignleft\" src=\"http:\/\/willyetsessoeurs.com\/wp-content\/uploads\/2014\/12\/IMG_0700-225x300.jpg\" alt=\"IMG_0700\" width=\"225\" height=\"300\" srcset=\"http:\/\/willyetsessoeurs.com\/wp-content\/uploads\/2014\/12\/IMG_0700-225x300.jpg 225w, http:\/\/willyetsessoeurs.com\/wp-content\/uploads\/2014\/12\/IMG_0700-768x1024.jpg 768w, http:\/\/willyetsessoeurs.com\/wp-content\/uploads\/2014\/12\/IMG_0700.jpg 1200w\" sizes=\"(max-width: 225px) 100vw, 225px\" \/><\/a><\/p>\n<p>&nbsp;<\/p>\n<p>&nbsp;<\/p>\n<p>&nbsp;<\/p>\n<p>&nbsp;<\/p>\n<p>&nbsp;<\/p>\n<p>&nbsp;<\/p>\n<p>&nbsp;<\/p>\n<p>&nbsp;<\/p>\n<p>De loin, \u00e7a pourrait le faire. Mais de plus pr\u00e8s &#8230;<\/p>\n<p><a href=\"http:\/\/willyetsessoeurs.com\/wp-content\/uploads\/2014\/12\/IMG_0701.jpg\"><img loading=\"lazy\" decoding=\"async\" class=\"alignnone size-medium wp-image-23\" src=\"http:\/\/willyetsessoeurs.com\/wp-content\/uploads\/2014\/12\/IMG_0701-300x225.jpg\" alt=\"IMG_0701\" width=\"300\" height=\"225\" srcset=\"http:\/\/willyetsessoeurs.com\/wp-content\/uploads\/2014\/12\/IMG_0701-300x225.jpg 300w, http:\/\/willyetsessoeurs.com\/wp-content\/uploads\/2014\/12\/IMG_0701-1024x768.jpg 1024w, http:\/\/willyetsessoeurs.com\/wp-content\/uploads\/2014\/12\/IMG_0701.jpg 1600w\" sizes=\"(max-width: 300px) 100vw, 300px\" \/><\/a>\u00a0 \u00a0<a href=\"http:\/\/willyetsessoeurs.com\/wp-content\/uploads\/2014\/12\/IMG_0702.jpg\"><img loading=\"lazy\" decoding=\"async\" class=\"alignnone size-medium wp-image-24\" src=\"http:\/\/willyetsessoeurs.com\/wp-content\/uploads\/2014\/12\/IMG_0702-300x225.jpg\" alt=\"IMG_0702\" width=\"300\" height=\"225\" srcset=\"http:\/\/willyetsessoeurs.com\/wp-content\/uploads\/2014\/12\/IMG_0702-300x225.jpg 300w, http:\/\/willyetsessoeurs.com\/wp-content\/uploads\/2014\/12\/IMG_0702-1024x768.jpg 1024w, http:\/\/willyetsessoeurs.com\/wp-content\/uploads\/2014\/12\/IMG_0702.jpg 1600w\" sizes=\"(max-width: 300px) 100vw, 300px\" \/><\/a><\/p>\n<p>En fait de simple voile de peinture, c&rsquo;est une restauration compl\u00e8te qui peut permettre \u00e0 cette auto de reprendre la route.<\/p>\n<p>Je dois avouer que nous sommes totalement d\u00e9sesp\u00e9r\u00e9s. On nous avait dit \u00ab\u00a0un voile de peinture, et \u00e7a repart\u00a0\u00bb. M\u00eame s&rsquo;il y a une seconde DS qui est offerte avec ce break, nous avons juste envie de prendre nos jambes \u00e0 nos coups et de partir en vitesse afin d&rsquo;oublier ce d\u00e9placement inutile.<\/p>\n<p>Par politesse, nous entrons v\u00e9rifier les cartes grises. Le break est un mod\u00e8le 1964, c&rsquo;est \u00e0 dire avec le deuxi\u00e8me nez, mon pr\u00e9f\u00e9r\u00e9 et quant \u00e0 la berline, c&rsquo;est une DSp\u00e9cial de 1970.<\/p>\n<p>Toujours par politesse, nous prenons cong\u00e9s de nos h\u00f4tes en pr\u00e9cisant que nous les rappellerons, mais &#8230; la messe est dite, il est d\u00e9raisonnable d&rsquo;imaginer faire quoique ce soit avec ces poubelles.<\/p>\n<p>Le week-end est calme. Il fait froid, ce n&rsquo;est pas un temps \u00e0 sortir mais plut\u00f4t \u00e0 r\u00e9fl\u00e9chir et surfer sur la toile. Quel risque vais-je courir si je me lance dans cette aventure ? Les vendeurs en veulent 1000 \u20ac, cela devrait pouvoir partir \u00e0 750 \u20ac, il y a des pi\u00e8ces \u00e0 r\u00e9cup\u00e9rer et \u00e9ventuellement \u00e0 revendre si je ne d\u00e9cide pas de me lancer dans une restauration.<\/p>\n<p>Je reprends rendez-vous pour le <strong><em>27 f\u00e9vrier 2013<\/em><\/strong>. Cette fois-ci, je sors l&rsquo;appareil photos histoire de faire un \u00e9tat des lieux un peu plus pr\u00e9cis.<\/p>\n<p>Il est impossible de s&rsquo;approcher. Les vendeurs ont emmagasin\u00e9 tout un tas de choses pendant des d\u00e9cennies et tout est stock\u00e9 sur et dans les DS.<\/p>\n<p><a href=\"http:\/\/willyetsessoeurs.com\/wp-content\/uploads\/2014\/12\/IMG_1318.jpg\"><img loading=\"lazy\" decoding=\"async\" class=\"alignnone size-medium wp-image-61\" src=\"http:\/\/willyetsessoeurs.com\/wp-content\/uploads\/2014\/12\/IMG_1318-300x200.jpg\" alt=\"IMG_1318\" width=\"300\" height=\"200\" srcset=\"http:\/\/willyetsessoeurs.com\/wp-content\/uploads\/2014\/12\/IMG_1318-300x200.jpg 300w, http:\/\/willyetsessoeurs.com\/wp-content\/uploads\/2014\/12\/IMG_1318-1024x683.jpg 1024w\" sizes=\"(max-width: 300px) 100vw, 300px\" \/><\/a>\u00a0\u00a0<a href=\"http:\/\/willyetsessoeurs.com\/wp-content\/uploads\/2014\/12\/IMG_1319.jpg\"><img loading=\"lazy\" decoding=\"async\" class=\"alignnone size-medium wp-image-62\" src=\"http:\/\/willyetsessoeurs.com\/wp-content\/uploads\/2014\/12\/IMG_1319-300x200.jpg\" alt=\"IMG_1319\" width=\"300\" height=\"200\" srcset=\"http:\/\/willyetsessoeurs.com\/wp-content\/uploads\/2014\/12\/IMG_1319-300x200.jpg 300w, http:\/\/willyetsessoeurs.com\/wp-content\/uploads\/2014\/12\/IMG_1319-1024x683.jpg 1024w\" sizes=\"(max-width: 300px) 100vw, 300px\" \/><\/a><\/p>\n<p>La DSp\u00e9cial a \u00e9t\u00e9 accident\u00e9e et abandonn\u00e9e ici en l&rsquo;\u00e9tat. Il manque au moins un demi-train avant.<\/p>\n<p><a href=\"http:\/\/willyetsessoeurs.com\/wp-content\/uploads\/2014\/12\/IMG_1323.jpg\"><img loading=\"lazy\" decoding=\"async\" class=\"alignnone  wp-image-63\" src=\"http:\/\/willyetsessoeurs.com\/wp-content\/uploads\/2014\/12\/IMG_1323-300x200.jpg\" alt=\"IMG_1323\" width=\"300\" height=\"200\" srcset=\"http:\/\/willyetsessoeurs.com\/wp-content\/uploads\/2014\/12\/IMG_1323-300x200.jpg 300w, http:\/\/willyetsessoeurs.com\/wp-content\/uploads\/2014\/12\/IMG_1323-1024x683.jpg 1024w\" sizes=\"(max-width: 300px) 100vw, 300px\" \/><\/a>\u00a0\u00a0<a href=\"http:\/\/willyetsessoeurs.com\/wp-content\/uploads\/2014\/12\/IMG_1320.jpg\"><img loading=\"lazy\" decoding=\"async\" class=\"alignnone size-medium wp-image-64\" src=\"http:\/\/willyetsessoeurs.com\/wp-content\/uploads\/2014\/12\/IMG_1320-300x200.jpg\" alt=\"IMG_1320\" width=\"300\" height=\"200\" srcset=\"http:\/\/willyetsessoeurs.com\/wp-content\/uploads\/2014\/12\/IMG_1320-300x200.jpg 300w, http:\/\/willyetsessoeurs.com\/wp-content\/uploads\/2014\/12\/IMG_1320-1024x683.jpg 1024w\" sizes=\"(max-width: 300px) 100vw, 300px\" \/><\/a><\/p>\n<p>Le challenge me plait, les enjeux financiers ne sont pas insurmontables, je me lance.\u00a0Pour 800 \u20ac, je deviens l&rsquo;heureux propri\u00e9taire de ces deux merveilles.<\/p>\n<p>Cette affaire rondement men\u00e9e, je me rapproche de mes amis Bernard et Sophia. Ce sont mes voisins, de grands restaurateurs d&rsquo;anciennes (regardez leur site : http:\/\/mes-anciennes.pagesperso-orange.fr) et ils sont habitu\u00e9s aux sorties de granges. Les Citro\u00ebn et leurs suspensions hydrauliques compliquent la t\u00e2che, Bernard et Sophia veulent \u00e9tudier les lieux avant de se lancer.<\/p>\n<p>Mon deal est simple: Bernard et Sophia louent un porte-char, me sortent le break, me le livre l\u00e0 o\u00f9 je le souhaite et en \u00e9change je leur offre la DSp\u00e9cial.<\/p>\n<p>Le rendez est pris pour le <strong><em>mercredi 13 mars 2013<\/em><\/strong>.<\/p>\n<p>Nous arrivons sur place en fin de matin\u00e9e. Il n&rsquo;est pas question de sortir les voitures de suite car les vendeurs doivent d&rsquo;abord d\u00e9blayer tout ce qu&rsquo;il y a derri\u00e8re, dessus et \u00e0 c\u00f4t\u00e9 des voitures, toutefois, il faut \u00eatre bien pr\u00eats pour le Jour J.<\/p>\n<p>Tout d&rsquo;abord un petit \u00e9tat des lieux de la DSp\u00e9cial. L&rsquo;int\u00e9rieur est comme neuf.<\/p>\n<p><a href=\"http:\/\/willyetsessoeurs.com\/wp-content\/uploads\/2014\/12\/DSC0091.jpg\"><img loading=\"lazy\" decoding=\"async\" class=\"alignnone size-medium wp-image-72\" src=\"http:\/\/willyetsessoeurs.com\/wp-content\/uploads\/2014\/12\/DSC0091-300x199.jpg\" alt=\"_DSC0091\" width=\"300\" height=\"199\" srcset=\"http:\/\/willyetsessoeurs.com\/wp-content\/uploads\/2014\/12\/DSC0091-300x199.jpg 300w, http:\/\/willyetsessoeurs.com\/wp-content\/uploads\/2014\/12\/DSC0091-1024x680.jpg 1024w\" sizes=\"(max-width: 300px) 100vw, 300px\" \/><\/a>\u00a0 \u00a0<a href=\"http:\/\/willyetsessoeurs.com\/wp-content\/uploads\/2014\/12\/DSC0092.jpg\"><img loading=\"lazy\" decoding=\"async\" class=\"alignnone  wp-image-73\" src=\"http:\/\/willyetsessoeurs.com\/wp-content\/uploads\/2014\/12\/DSC0092.jpg\" alt=\"_DSC0092\" width=\"298\" height=\"198\" \/><\/a><\/p>\n<p>Je vous l&rsquo;accorde, vu sous cet angle, ce n&rsquo;est pas tr\u00e8s engageant. Toutefois, cette auto semble totalement exempte de rouille.<\/p>\n<p><a href=\"http:\/\/willyetsessoeurs.com\/wp-content\/uploads\/2014\/12\/DSC0087-copie.jpg\"><img loading=\"lazy\" decoding=\"async\" class=\"  wp-image-75 alignleft\" src=\"http:\/\/willyetsessoeurs.com\/wp-content\/uploads\/2014\/12\/DSC0087-copie-300x199.jpg\" alt=\"_DSC0087 copie\" width=\"302\" height=\"200\" srcset=\"http:\/\/willyetsessoeurs.com\/wp-content\/uploads\/2014\/12\/DSC0087-copie-300x199.jpg 300w, http:\/\/willyetsessoeurs.com\/wp-content\/uploads\/2014\/12\/DSC0087-copie-1024x680.jpg 1024w\" sizes=\"(max-width: 302px) 100vw, 302px\" \/><\/a><\/p>\n<p>&nbsp;<\/p>\n<p>&nbsp;<\/p>\n<p>&nbsp;<\/p>\n<p>&nbsp;<\/p>\n<p>&nbsp;<\/p>\n<p>&nbsp;<\/p>\n<p>Sinc\u00e8rement, ce n&rsquo;est pas beau ?<\/p>\n<p><a href=\"http:\/\/willyetsessoeurs.com\/wp-content\/uploads\/2014\/12\/DSC0099.jpg\"><img loading=\"lazy\" decoding=\"async\" class=\"alignnone  wp-image-70\" src=\"http:\/\/willyetsessoeurs.com\/wp-content\/uploads\/2014\/12\/DSC0099.jpg\" alt=\"_DSC0099\" width=\"303\" height=\"201\" \/><\/a>\u00a0 \u00a0<a href=\"http:\/\/willyetsessoeurs.com\/wp-content\/uploads\/2014\/12\/DSC0098.jpg\"><img loading=\"lazy\" decoding=\"async\" class=\"alignnone  wp-image-80\" src=\"http:\/\/willyetsessoeurs.com\/wp-content\/uploads\/2014\/12\/DSC0098.jpg\" alt=\"_DSC0098\" width=\"302\" height=\"201\" \/><\/a><\/p>\n<p>Les clefs sont sur le contact, elle est pr\u00eate \u00e0 partir &#8230;<\/p>\n<p><a href=\"http:\/\/willyetsessoeurs.com\/wp-content\/uploads\/2014\/12\/DSC0096.jpg\"><img loading=\"lazy\" decoding=\"async\" class=\"alignnone  wp-image-82\" src=\"http:\/\/willyetsessoeurs.com\/wp-content\/uploads\/2014\/12\/DSC0096.jpg\" alt=\"_DSC0096\" width=\"301\" height=\"200\" \/><\/a>\u00a0 \u00a0<a href=\"http:\/\/willyetsessoeurs.com\/wp-content\/uploads\/2014\/12\/DSC0109.jpg\"><img loading=\"lazy\" decoding=\"async\" class=\"alignnone  wp-image-83\" src=\"http:\/\/willyetsessoeurs.com\/wp-content\/uploads\/2014\/12\/DSC0109-300x199.jpg\" alt=\"_DSC0109\" width=\"302\" height=\"200\" srcset=\"http:\/\/willyetsessoeurs.com\/wp-content\/uploads\/2014\/12\/DSC0109-300x199.jpg 300w, http:\/\/willyetsessoeurs.com\/wp-content\/uploads\/2014\/12\/DSC0109-1024x680.jpg 1024w\" sizes=\"(max-width: 302px) 100vw, 302px\" \/><\/a><\/p>\n<p>Nous ne r\u00e9sistons pas \u00e0 l&rsquo;envie de faire un petit tour des granges. Et l\u00e0, surprise, il n&rsquo;y a pas que de la Citro\u00ebn dans le coin. Cette superbe Vespa 400 attend son heure (de gloire ?). Mais ceci est une autre histoire&#8230;<\/p>\n<p><a href=\"http:\/\/willyetsessoeurs.com\/wp-content\/uploads\/2014\/12\/DSC0101.jpg\"><img loading=\"lazy\" decoding=\"async\" class=\"alignnone  wp-image-85\" src=\"http:\/\/willyetsessoeurs.com\/wp-content\/uploads\/2014\/12\/DSC0101.jpg\" alt=\"_DSC0101\" width=\"298\" height=\"198\" \/><\/a>\u00a0 \u00a0<a href=\"http:\/\/willyetsessoeurs.com\/wp-content\/uploads\/2014\/12\/DSC0102.jpg\"><img loading=\"lazy\" decoding=\"async\" class=\"alignnone size-medium wp-image-87\" src=\"http:\/\/willyetsessoeurs.com\/wp-content\/uploads\/2014\/12\/DSC0102-300x199.jpg\" alt=\"_DSC0102\" width=\"300\" height=\"199\" srcset=\"http:\/\/willyetsessoeurs.com\/wp-content\/uploads\/2014\/12\/DSC0102-300x199.jpg 300w, http:\/\/willyetsessoeurs.com\/wp-content\/uploads\/2014\/12\/DSC0102-1024x680.jpg 1024w\" sizes=\"(max-width: 300px) 100vw, 300px\" \/><\/a><\/p>\n<p>Nous sommes au terme de cette d\u00e9couverte. Un rendez-vous sera pris aux beaux jours, courant mai ou juin pour retirer ces deux merveilles.<\/p>\n<p>La suite en rubrique \u00ab\u00a0Sortie de grange\u00a0\u00bb.<\/p>\n","protected":false},"excerpt":{"rendered":"<p>Vendredi 15 f\u00e9vrier 2013, comme chaque vendredi midi, je d\u00e9jeune chez un ami, Pascal, lui aussi amateur de vieilles voitures et nous refaisons le monde pendant qu&rsquo;il se remet tout doucement d&rsquo;une lourde op\u00e9ration du dos. Nous sommes toujours accompagn\u00e9s par Jean-Michel, grand fumeur devant l&rsquo;\u00e9ternel. Ce vendredi est un peu sp\u00e9cial, un plombier travaille [&hellip;]<\/p>\n","protected":false},"author":1,"featured_media":0,"parent":0,"menu_order":0,"comment_status":"closed","ping_status":"open","template":"","meta":{"footnotes":""},"_links":{"self":[{"href":"http:\/\/willyetsessoeurs.com\/index.php?rest_route=\/wp\/v2\/pages\/13"}],"collection":[{"href":"http:\/\/willyetsessoeurs.com\/index.php?rest_route=\/wp\/v2\/pages"}],"about":[{"href":"http:\/\/willyetsessoeurs.com\/index.php?rest_route=\/wp\/v2\/types\/page"}],"author":[{"embeddable":true,"href":"http:\/\/willyetsessoeurs.com\/index.php?rest_route=\/wp\/v2\/users\/1"}],"replies":[{"embeddable":true,"href":"http:\/\/willyetsessoeurs.com\/index.php?rest_route=%2Fwp%2Fv2%2Fcomments&post=13"}],"version-history":[{"count":22,"href":"http:\/\/willyetsessoeurs.com\/index.php?rest_route=\/wp\/v2\/pages\/13\/revisions"}],"predecessor-version":[{"id":205,"href":"http:\/\/willyetsessoeurs.com\/index.php?rest_route=\/wp\/v2\/pages\/13\/revisions\/205"}],"wp:attachment":[{"href":"http:\/\/willyetsessoeurs.com\/index.php?rest_route=%2Fwp%2Fv2%2Fmedia&parent=13"}],"curies":[{"name":"wp","href":"https:\/\/api.w.org\/{rel}","templated":true}]}}